{"id":1294,"date":"2025-04-24T12:43:07","date_gmt":"2025-04-24T10:43:07","guid":{"rendered":"https:\/\/leptitschluck.ch\/impressum\/"},"modified":"2025-04-24T12:52:25","modified_gmt":"2025-04-24T10:52:25","slug":"impressum","status":"publish","type":"page","link":"https:\/\/leptitschluck.ch\/fr\/impressum\/","title":{"rendered":"Impressum"},"content":{"rendered":"\t\t<div data-elementor-type=\"wp-page\" data-elementor-id=\"1294\" class=\"elementor elementor-1294 elementor-1290\" data-elementor-post-type=\"page\">\n\t\t\t\t<div class=\"elementor-element elementor-element-cb6d658 e-con-full e-flex e-con e-parent\" data-id=\"cb6d658\" data-element_type=\"container\" data-e-type=\"container\" data-settings=\"{&quot;background_background&quot;:&quot;classic&quot;}\">\n\t\t\t\t<div class=\"elementor-element elementor-element-0124e37 elementor-widget elementor-widget-text-editor\" data-id=\"0124e37\" data-element_type=\"widget\" data-e-type=\"widget\" data-widget_type=\"text-editor.default\">\n\t\t\t\t<div class=\"elementor-widget-container\">\n\t\t\t\t\t\t\t\t\tImpressum\t\t\t\t\t\t\t\t<\/div>\n\t\t\t\t<\/div>\n\t\t\t\t<\/div>\n\t\t<div class=\"elementor-element elementor-element-d03dbeb e-con-full e-flex e-con e-parent\" data-id=\"d03dbeb\" data-element_type=\"container\" data-e-type=\"container\" data-settings=\"{&quot;background_background&quot;:&quot;classic&quot;}\">\n\t\t<div class=\"elementor-element elementor-element-8b0b42b e-con-full e-flex e-con e-child\" data-id=\"8b0b42b\" data-element_type=\"container\" data-e-type=\"container\">\n\t\t\t\t<div class=\"elementor-element elementor-element-5b09660 elementor-widget elementor-widget-text-editor\" data-id=\"5b09660\" data-element_type=\"widget\" data-e-type=\"widget\" data-widget_type=\"text-editor.default\">\n\t\t\t\t<div class=\"elementor-widget-container\">\n\t\t\t\t\t\t\t\t\t<p><span style=\"display: inline-block; width: 0px; overflow: hidden; line-height: 0;\" data-mce-type=\"bookmark\" class=\"mce_SELRES_start\">\ufeff<\/span>R\u00e9daction et responsabilit\u00e9 du contenu<\/p>\n<p>Residenz Au Lac<br \/>Rue d\u2019 Aarberg 54<br \/>case postale<br \/>2501 Biel\/Bienne<br \/>T\u00e9l\u00e9phone 032 328 29 30<br \/>info@residenz-au-lac.ch<\/p>\n<p>Webdesign: Jerome Konrad, <a href=\"https:\/\/www.structo.ch\/\">Structo S\u00e0rl<\/a><br \/>Photographie: <a href=\"https:\/\/nowacki.ch\/\" target=\"_blank\" rel=\"noopener\">Severin Nowacki<\/a><\/p>\n<p>Tous les contenus \u00a9 2019 \u2013 Le contenu du site Internet de la R\u00e9sidence Au Lac (textes, donn\u00e9es, images, graphiques, vid\u00e9os, communiqu\u00e9s de presse, etc.) sont prot\u00e9g\u00e9s par le droit d\u2019auteur. Les droits d\u2019auteur de tiers sont r\u00e9serv\u00e9s. Vous pouvez t\u00e9l\u00e9charger ou imprimer des pages et des parties de ce site Web \u00e0 condition de ne pas supprimer les marques de copyright ou d\u2019autres noms ou symboles propri\u00e9taires. La modification de cette page est interdite dans tous les cas. La reproduction, la liaison ou l\u2019utilisation \u00e0 des fins publiques ou commerciales sont interdites sans l\u2019autorisation \u00e9crite pr\u00e9alable de Residenz Au Lac. L\u2019appel, le t\u00e9l\u00e9chargement ou la copie de pages ne conf\u00e8re aucun droit (droits d\u2019utilisation, de propri\u00e9t\u00e9 intellectuelle, etc.).<\/p>\n<p>&nbsp;<\/p>\n\t\t\t\t\t\t\t\t<\/div>\n\t\t\t\t<\/div>\n\t\t\t\t<\/div>\n\t\t\t\t<\/div>\n\t\t\t\t<\/div>\n\t\t","protected":false},"excerpt":{"rendered":"<p>\ufeffR\u00e9daction et responsabilit\u00e9 du contenu Residenz Au LacRue d\u2019 Aarberg 54case postale2501 Biel\/BienneT\u00e9l\u00e9phone 032 328 29 30info@residenz-au-lac.ch Webdesign: Jerome Konrad, Structo S\u00e0rlPhotographie: Severin Nowacki Tous les contenus \u00a9 2019 \u2013 Le contenu du site Internet de la R\u00e9sidence Au Lac (textes, donn\u00e9es, images, graphiques, vid\u00e9os, communiqu\u00e9s de presse, etc.) sont prot\u00e9g\u00e9s par le droit d\u2019auteur. [&hellip;]<\/p>\n","protected":false},"author":1,"featured_media":0,"parent":0,"menu_order":0,"comment_status":"closed","ping_status":"closed","template":"","meta":{"_acf_changed":false,"footnotes":""},"class_list":["post-1294","page","type-page","status-publish","hentry"],"acf":[],"_links":{"self":[{"href":"https:\/\/leptitschluck.ch\/fr\/wp-json\/wp\/v2\/pages\/1294","targetHints":{"allow":["GET"]}}],"collection":[{"href":"https:\/\/leptitschluck.ch\/fr\/wp-json\/wp\/v2\/pages"}],"about":[{"href":"https:\/\/leptitschluck.ch\/fr\/wp-json\/wp\/v2\/types\/page"}],"author":[{"embeddable":true,"href":"https:\/\/leptitschluck.ch\/fr\/wp-json\/wp\/v2\/users\/1"}],"replies":[{"embeddable":true,"href":"https:\/\/leptitschluck.ch\/fr\/wp-json\/wp\/v2\/comments?post=1294"}],"version-history":[{"count":2,"href":"https:\/\/leptitschluck.ch\/fr\/wp-json\/wp\/v2\/pages\/1294\/revisions"}],"predecessor-version":[{"id":1304,"href":"https:\/\/leptitschluck.ch\/fr\/wp-json\/wp\/v2\/pages\/1294\/revisions\/1304"}],"wp:attachment":[{"href":"https:\/\/leptitschluck.ch\/fr\/wp-json\/wp\/v2\/media?parent=1294"}],"curies":[{"name":"wp","href":"https:\/\/api.w.org\/{rel}","templated":true}]}}