{"id":933,"date":"2025-03-31T16:27:31","date_gmt":"2025-03-31T14:27:31","guid":{"rendered":"https:\/\/leptitschluck.ch\/reserver-une-salle\/"},"modified":"2025-05-21T09:42:12","modified_gmt":"2025-05-21T07:42:12","slug":"reserver-une-salle","status":"publish","type":"page","link":"https:\/\/leptitschluck.ch\/fr\/reserver-une-salle\/","title":{"rendered":"Salle"},"content":{"rendered":"\t\t<div data-elementor-type=\"wp-page\" data-elementor-id=\"933\" class=\"elementor elementor-933 elementor-578\" data-elementor-post-type=\"page\">\n\t\t\t\t<div class=\"elementor-element elementor-element-717e4a9 e-con-full e-flex e-con e-parent\" data-id=\"717e4a9\" data-element_type=\"container\" data-e-type=\"container\" data-settings=\"{&quot;background_background&quot;:&quot;classic&quot;}\">\n\t\t\t\t<div class=\"elementor-element elementor-element-ca58403 elementor-widget elementor-widget-text-editor\" data-id=\"ca58403\" data-element_type=\"widget\" data-e-type=\"widget\" data-widget_type=\"text-editor.default\">\n\t\t\t\t<div class=\"elementor-widget-container\">\n\t\t\t\t\t\t\t\t\t<p>Une p&rsquo;tite Salle dans le parc municipal ?<br \/>Petite, charmante et cr\u00e9ative.<\/p>\n\t\t\t\t\t\t\t\t<\/div>\n\t\t\t\t<\/div>\n\t\t\t\t<\/div>\n\t\t<div class=\"elementor-element elementor-element-232656e e-con-full e-flex e-con e-parent\" data-id=\"232656e\" data-element_type=\"container\" data-e-type=\"container\" data-settings=\"{&quot;background_background&quot;:&quot;classic&quot;}\">\n\t\t<div class=\"elementor-element elementor-element-9144c47 e-con-full e-flex e-con e-child\" data-id=\"9144c47\" data-element_type=\"container\" data-e-type=\"container\">\n\t\t\t\t<div class=\"elementor-element elementor-element-b874758 elementor-widget elementor-widget-text-editor\" data-id=\"b874758\" data-element_type=\"widget\" data-e-type=\"widget\" data-widget_type=\"text-editor.default\">\n\t\t\t\t<div class=\"elementor-widget-container\">\n\t\t\t\t\t\t\t\t\t<p><strong>Que ce soit pour un ap\u00e9ritif, une soir\u00e9e de club ou un atelier<\/strong> \u2013 notre <strong>charmante salle au rez-de-chauss\u00e9e<\/strong> peut accueillir jusqu\u2019\u00e0 25 personnes et offre le cadre id\u00e9al pour ton \u00e9v\u00e9nement.<\/p>\n<p>Sur demande, nous nous ferons un plaisir de vous r\u00e9galer toi et tes invit\u00e9s \u00e0 la mani\u00e8re p\u2019tit Schluck \u2013 de l\u2019ap\u00e9ro sur mesure \u00e0 la simplicit\u00e9 de partager un bon paninis.<\/p>\n<p>Nous souhaitons avoir de la place pour le grand public et les visiteurs spontan\u00e9s, c&rsquo;est pourquoi nous n&rsquo;acceptons les r\u00e9servations fixes pour les groupes qu&rsquo;en dehors des heures d&rsquo;ouverture officielles ou apr\u00e8s la saison. Nous te remercions de ta compr\u00e9hension.<\/p>\n\t\t\t\t\t\t\t\t<\/div>\n\t\t\t\t<\/div>\n\t\t\t\t<div class=\"elementor-element elementor-element-87626aa elementor-widget elementor-widget-button\" data-id=\"87626aa\" data-element_type=\"widget\" data-e-type=\"widget\" data-widget_type=\"button.default\">\n\t\t\t\t<div class=\"elementor-widget-container\">\n\t\t\t\t\t\t\t\t\t<div class=\"elementor-button-wrapper\">\n\t\t\t\t\t<a class=\"elementor-button elementor-button-link elementor-size-sm\" href=\"mailto:events@residenz-au-lac.ch\" target=\"_blank\">\n\t\t\t\t\t\t<span class=\"elementor-button-content-wrapper\">\n\t\t\t\t\t\t\t\t\t<span class=\"elementor-button-text\">Contact<\/span>\n\t\t\t\t\t<\/span>\n\t\t\t\t\t<\/a>\n\t\t\t\t<\/div>\n\t\t\t\t\t\t\t\t<\/div>\n\t\t\t\t<\/div>\n\t\t\t\t<div class=\"elementor-element elementor-element-3919b09 elementor-widget elementor-widget-text-editor\" data-id=\"3919b09\" data-element_type=\"widget\" data-e-type=\"widget\" data-widget_type=\"text-editor.default\">\n\t\t\t\t<div class=\"elementor-widget-container\">\n\t\t\t\t\t\t\t\t\t<p><strong>Residenz Au Lac<\/strong><br \/>S\u00e9minaire &amp; \u00c9v\u00e9nement<br \/>Tel. 032 328 29 21<br \/><a href=\"mailto:events@residenz-au-lac.ch\" data-mce-href=\"mailto:events@residenz-au-lac.ch\">events@residenz-au-lac.ch<\/a><\/p>\n\t\t\t\t\t\t\t\t<\/div>\n\t\t\t\t<\/div>\n\t\t\t\t<\/div>\n\t\t<div class=\"elementor-element elementor-element-2fbd47e e-con-full e-flex e-con e-child\" data-id=\"2fbd47e\" data-element_type=\"container\" data-e-type=\"container\">\n\t\t\t\t<div class=\"elementor-element elementor-element-550f713 elementor-widget elementor-widget-image\" data-id=\"550f713\" data-element_type=\"widget\" data-e-type=\"widget\" data-widget_type=\"image.default\">\n\t\t\t\t<div class=\"elementor-widget-container\">\n\t\t\t\t\t\t\t\t\t\t\t\t\t\t\t<img fetchpriority=\"high\" decoding=\"async\" width=\"2048\" height=\"1366\" src=\"https:\/\/leptitschluck.ch\/wp-content\/uploads\/2025\/04\/20250416SEV0771.jpg\" class=\"attachment-full size-full wp-image-1117\" alt=\"\" srcset=\"https:\/\/leptitschluck.ch\/wp-content\/uploads\/2025\/04\/20250416SEV0771.jpg 2048w, https:\/\/leptitschluck.ch\/wp-content\/uploads\/2025\/04\/20250416SEV0771-300x200.jpg 300w, https:\/\/leptitschluck.ch\/wp-content\/uploads\/2025\/04\/20250416SEV0771-1024x683.jpg 1024w, https:\/\/leptitschluck.ch\/wp-content\/uploads\/2025\/04\/20250416SEV0771-768x512.jpg 768w, https:\/\/leptitschluck.ch\/wp-content\/uploads\/2025\/04\/20250416SEV0771-1536x1025.jpg 1536w\" sizes=\"(max-width: 2048px) 100vw, 2048px\" \/>\t\t\t\t\t\t\t\t\t\t\t\t\t\t\t<\/div>\n\t\t\t\t<\/div>\n\t\t\t\t<\/div>\n\t\t\t\t<\/div>\n\t\t\t\t<\/div>\n\t\t","protected":false},"excerpt":{"rendered":"<p>Une p&rsquo;tite Salle dans le parc municipal ?Petite, charmante et cr\u00e9ative. Que ce soit pour un ap\u00e9ritif, une soir\u00e9e de club ou un atelier \u2013 notre charmante salle au rez-de-chauss\u00e9e peut accueillir jusqu\u2019\u00e0 25 personnes et offre le cadre id\u00e9al pour ton \u00e9v\u00e9nement. Sur demande, nous nous ferons un plaisir de vous r\u00e9galer toi et [&hellip;]<\/p>\n","protected":false},"author":1,"featured_media":0,"parent":0,"menu_order":0,"comment_status":"closed","ping_status":"closed","template":"","meta":{"_acf_changed":false,"footnotes":""},"class_list":["post-933","page","type-page","status-publish","hentry"],"acf":[],"_links":{"self":[{"href":"https:\/\/leptitschluck.ch\/fr\/wp-json\/wp\/v2\/pages\/933","targetHints":{"allow":["GET"]}}],"collection":[{"href":"https:\/\/leptitschluck.ch\/fr\/wp-json\/wp\/v2\/pages"}],"about":[{"href":"https:\/\/leptitschluck.ch\/fr\/wp-json\/wp\/v2\/types\/page"}],"author":[{"embeddable":true,"href":"https:\/\/leptitschluck.ch\/fr\/wp-json\/wp\/v2\/users\/1"}],"replies":[{"embeddable":true,"href":"https:\/\/leptitschluck.ch\/fr\/wp-json\/wp\/v2\/comments?post=933"}],"version-history":[{"count":19,"href":"https:\/\/leptitschluck.ch\/fr\/wp-json\/wp\/v2\/pages\/933\/revisions"}],"predecessor-version":[{"id":1515,"href":"https:\/\/leptitschluck.ch\/fr\/wp-json\/wp\/v2\/pages\/933\/revisions\/1515"}],"wp:attachment":[{"href":"https:\/\/leptitschluck.ch\/fr\/wp-json\/wp\/v2\/media?parent=933"}],"curies":[{"name":"wp","href":"https:\/\/api.w.org\/{rel}","templated":true}]}}